{"id":1860,"date":"2021-06-04T05:25:42","date_gmt":"2021-06-04T05:25:42","guid":{"rendered":"https:\/\/dentosanmed.ro\/?page_id=1860"},"modified":"2022-03-24T14:23:49","modified_gmt":"2022-03-24T14:23:49","slug":"politica-de-confidentialitate-si-cookies","status":"publish","type":"page","link":"https:\/\/dentosanmed.ro\/en\/politica-de-confidentialitate-si-cookies\/","title":{"rendered":"Politic\u0103 de confiden\u021bialitate GDPR \u0219i Cookies"},"content":{"rendered":"<section id=\"bt_section69e8d844b6c21\"  class=\"boldSection btDivider topSemiSpaced bottomSemiSpaced btDarkSkin gutter inherit wBackground cover\" style=\"background-color:#0cb8b6;background-image:url('https:\/\/dentosanmed.ro\/wp-content\/uploads\/2015\/12\/bgn-grad.png');\"><div class=\"port\"><div class=\"boldCell\"><div class=\"boldCellInner\"><div class=\"boldRow\" ><div class=\"boldRowInner\"><div class=\"rowItem col-md-12 col-ms-12  btTextLeft animate animate-fadein animate-moveleft inherit\"  ><div class=\"rowItemContent\" ><div class=\"btClear btSeparator topExtraSmallSpaced noBorder\" ><hr><\/div><div class=\"btClear btSeparator topExtraSmallSpaced noBorder\" ><hr><\/div><header class=\"header btClear large  btNormalDash\" ><div class=\"btSuperTitle\">gestionarea datelor personale, conform GDPR \/ EU<\/div><div class=\"dash\"><h2><span class=\"headline\">POLITIC\u0102 DE CONFIDEN\u021aIALITATE \u0218I COOKIES<\/span><\/h2><\/div><\/header><\/div><\/div><\/div><\/div><\/div><\/div><\/div><\/section><section id=\"bt_section69e8d844b6e73\"  class=\"boldSection topSpaced gutter inherit\" ><div class=\"port\"><div class=\"boldCell\"><div class=\"boldCellInner\"><div class=\"boldRow\" ><div class=\"boldRowInner\"><div class=\"rowItem col-md-12 col-ms-12  btTextLeft\"  ><div class=\"rowItemContent\" ><header class=\"header btClear large  btNormalDash\" ><\/header><div class=\"btText\" ><div style=\"font-size: 16px;\">\n<p>Continu\u00e2nd demersul nostru privind transparen\u021ba \u0219i colaborarea str\u00e2ns\u0103, v\u0103 inform\u0103m c\u0103 am actualizat politica noastr\u0103 de confiden\u0163ialitate \u00een conformitate cu noul Regulament General European pentru Protec\u021bia Datelor (GDPR), care a intrat \u00een vigoare din 25 mai 2018. Ast\u0103zi, mai mult dec\u00e2t oric\u00e2nd, po\u021bi avea controlul asupra datelor tale personale \u015fi asupra consim\u0163\u0103mintelor date pentru prelucrarea acestora.<\/p>\n<\/div>\n<\/div><\/div><\/div><\/div><\/div><\/div><\/div><\/div><\/section><section id=\"bt_section69e8d844b7207\"  class=\"boldSection topSpaced bottomSpaced gutter inherit\" ><div class=\"port\"><div class=\"boldCell\"><div class=\"boldCellInner\"><div class=\"boldRow\" ><div class=\"boldRowInner\"><div class=\"rowItem col-md-12 col-ms-12  btTextLeft\"  ><div class=\"rowItemContent\" ><header class=\"header btClear large  btNormalDash\" ><div class=\"dash\"><h2><span class=\"headline\">Politica de confiden\u021bialitate \u0219i politica utilizare cookies<\/span><\/h2><\/div><\/header><div class=\"btText\" ><p style=\"font-size: 16px;\">Dentosanmed prin Balog Center SRL, Reg. com.: J12\/1408\/2011, CIF: 28533267, Adresa: Strada Fabricii, nr. 2, Cluj-Napoca, se angajeaz\u0103 s\u0103 protejeze confiden\u021bialitatea online a utilizatorilor siteului sau web. Astfel, aceast\u0103 politic\u0103 de confiden\u021bialitate a fost redactat\u0103 \u00een conformitate cu articolul 13 din Regulamentul UE 2016\/679 (denumit \u00een continuare &#8222;Regulament&#8221;) pentru a v\u0103 permite s\u0103 \u00een\u021belege\u021bi politica Dentosan Med referitoare la confiden\u021bialitate, precum \u0219i modul \u00een care vor fi tratate informa\u021biile dumneavoastr\u0103 personale atunci c\u00e2nd folosi\u021bi siteul nostru <a href=\"https:\/\/dentosanmed.ro\/en\/\">www.dentosanmed.ro<\/a> (denumit \u00een continuare, &#8222;Site&#8221;). Aceast\u0103 politic\u0103 de confiden\u021bialitate v\u0103 va furniza, de asemenea, informa\u021bii astfel \u00eenc\u00e2t s\u0103 pute\u021bi s\u0103 v\u0103 da\u021bi acordul pentru prelucrarea datelor dvs. personale \u00eentr-o manier\u0103 explicit\u0103 \u0219i informat\u0103, dac\u0103 este cazul.<\/p>\n<p>&#8211;<\/p>\n<p><strong style=\"font-size: 21px;\">1. Operatorul datelor dumneavoastr\u0103 cu caracter personal<\/strong><\/p>\n<div>\n<div style=\"font-size: 16px;\">Operatorul de date, \u00een ceea ce prive\u0219te toate opera\u021biile de prelucrare a datelor cu caracter personal efectuate pe site, este Dentosan Med, identificat la \u00eenceputul acestei Politici de confiden\u021bialitate.<\/div>\n<div><\/div>\n<h3><strong>2. Categorii de date cu caracter personal prelucrate<\/strong><\/h3>\n<div style=\"font-size: 16px;\">Pe m\u0103sur\u0103 ce utiliza\u021bi site-ul web, v\u0103 inform\u0103m c\u0103 societatea Balog Center SRL (Dentosan Med) poate colecta \u0219i procesa informa\u021bii legate de dumneavoastr\u0103 ca persoan\u0103 fizic\u0103 \u0219i care permit s\u0103 fi\u021bi identificat (fie direct, fie \u00eempreun\u0103 cu informa\u021bii suplimentare) sau care sunt legate de alte persoane (&#8222;Date Personale&#8221;), cum ar fi numele dumneavoastr\u0103, un num\u0103r de identificare, un ID online sau unul sau mai multe elemente caracteristice ale identit\u0103\u021bii dumneavoastr\u0103 fizice, fiziologice, psihice, economice, culturale sau sociale.<\/div>\n<div><\/div>\n<h3><strong>3. Vizualizarea datelor<\/strong><\/h3>\n<div style=\"font-size: 16px;\">Func\u021bionarea site-ului, a\u0219a cum este standard pentru orice site de pe Internet, implic\u0103 utilizarea sistemelor informatice \u0219i a procedurilor software care colecteaz\u0103 informa\u021bii despre utilizatorii site-ului ca parte a opera\u021biunilor de rutin\u0103. \u00cen timp ce Dentosan Med nu colecteaz\u0103 aceste informa\u021bii pentru a le conecta la anumi\u021bi utilizatori, este posibil\u0103 identificarea acelor utilizatori fie direct prin acele informa\u021bii, fie prin utilizarea altor informa\u021bii colectate &#8211; ca atare, aceste informa\u021bii sunt, de asemenea, considerate date personale. Aceste informa\u021bii includ mai mul\u021bi parametri referitori la sistemul dumneavoastr\u0103 de operare \u0219i mediul IT, inclusiv adresa dumneavoastr\u0103 de IP, loca\u021bia (\u021bara), numele domeniului computerului, adresele URI (Uniform Resource Identifier) ale resurselor pe care le solicita\u021bi pe site, timpul c\u00e2nd au fost f\u0103cute solicit\u0103rile, metoda utilizat\u0103 pentru a trimite solicit\u0103ri c\u0103tre server, dimensiunile fi\u0219ierului ob\u021binut ca r\u0103spuns la o solicitare, codul numeric care indic\u0103 starea r\u0103spunsului trimis de server (succes, eroare etc.) \u0219i a\u0219a mai departe. Aceste date sunt folosite exclusiv pentru a compila informa\u021bii statistice anonime despre utilizarea site ului, precum \u0219i pentru a asigura func\u021bionarea corect\u0103 \u0219i identificarea oric\u0103ror defec\u021biuni \u0219i \/ sau abuzuri ale site-ului &#8211; datele sunt \u0219terse imediat dup\u0103 procesare, cu excep\u021bia cazului \u00een care trebuie s\u0103 fie utilizate pentru identificarea p\u0103r\u021bilor responsabile \u00een cazul comiterii unor infrac\u021biuni cibernetice care afecteaz\u0103 site-ul web sau ter\u021be p\u0103r\u021bi, caz \u00een care informa\u021biile privind contactele web pot fi p\u0103strate at\u00e2ta timp c\u00e2t este necesar.<\/div>\n<div><\/div>\n<h3><strong>4. Categorii speciale de date cu caracter personal<\/strong><\/h3>\n<div style=\"font-size: 16px;\">\u00cen sec\u021biunea &#8222;Contact&#8221; si in sectiunea ABONARE NEWSLETTER, de pe site-ul web, vi se permite s\u0103 trimite\u021bi date cu caracter personal care pot intra sub inciden\u021ba categoriei datelor cu caracter personal men\u021bionate la art. 4 din Regulamentul pentru protec\u0163ia persoanelor cu privire la prelucrarea datelor cu caracter personal \u015fi libera circula\u0163ie a acestor date adica orice informa\u0163ii referitoare la o persoan\u0103 fizic\u0103 identificat\u0103 sau identificabil\u0103; o persoan\u0103 identificabil\u0103 este acea persoan\u0103 care poate fi identificat\u0103, direct sau indirect, \u00een mod particular prin referire la un num\u0103r de identificare ori la unul sau la mai mul\u0163i factori specifici identit\u0103\u0163ii sale fizice, fiziologice, psihice, economice, culturale sau sociale.<\/div>\n<div><\/div>\n<h3><strong>5. Scopul proces\u0103rii<\/strong><\/h3>\n<div style=\"font-size: 16px;\">Dentosan Med inten\u021bioneaz\u0103 s\u0103 v\u0103 utilizeze datele personale, colectate prin intermediul site-ului web, \u00een urm\u0103toarele scopuri:<br \/>\na. Pentru a furniza produsele solicitate de dumneavoastr\u0103<br \/>\nb. Pentru a r\u0103spunde oric\u0103ror solicit\u0103ri de asisten\u021b\u0103 sau informa\u021bii.<\/div>\n<div><\/div>\n<h3><strong>6. Temeiul legal \u0219i caracterul obligatoriu \/ discre\u021bionar al prelucr\u0103rii<\/strong><\/h3>\n<div style=\"font-size: 16px;\">\n<p>Temeiul legal al Dentosanmed pentru prelucrarea datelor dumneavoastr\u0103 personale, const\u0103 \u00een:<\/p>\n<ul>\n<li>prelucrarea \u00een aceste scopuri este necesar\u0103 pentru furnizarea Serviciilor \u0219i, prin urmare, temeiul legal aplicabil \u00eel reprezint\u0103 necesitatea proces\u0103rii pentru \u00eendeplinirea unui contract cu dumneavoastr\u0103, precum \u0219i de a lua m\u0103suri la solicitarea dumneavoastr\u0103 \u00eenainte de a \u00eencheia un contract cu dumneavoastr\u0103 &#8211; Art. 6 alineatul (1) litera (b) din Regulament. Nu este obligatoriu s\u0103 da\u021bi c\u0103tre DENTOSANMED datele dumneavoastr\u0103 personale \u00een aceste scopuri; \u00eens\u0103, dac\u0103 nu o ve\u021bi face, Dentosanmed nu va putea s\u0103 v\u0103 furnizeze niciun serviciu \u0219i nici sa va r\u0103spund\u0103 la solicitari<\/li>\n<li>prelucrarea \u00een acest scop este necesar\u0103 pentru ca Dentosanmed s\u0103 se conformeze obliga\u021biilor sale legale \u0219i, prin urmare, temeiul juridic aplicabil \u00eel reprezint\u0103 necesitatea proces\u0103rii pentru respectarea obliga\u021biilor legale ale controlorului de date &#8211; Art. 6 alin. (1) lit. (c) din Regulament. C\u00e2nd furniza\u021bi date cu caracter personal, Dentosanmed trebuie s\u0103 le proceseze \u00een conformitate cu legile aplicabile, care pot include p\u0103strarea \u0219i raportarea datelor dumneavoastr\u0103 personale autorit\u0103\u021bilor oficiale pentru respectarea obliga\u021biilor legale fiscale, vamale sau de alt\u0103 natur\u0103.<\/li>\n<\/ul>\n<p><strong style=\"font-size: 21px;\">7. Destinatarii datelor cu caracter personal<\/strong><\/p>\n<\/div>\n<div style=\"font-size: 16px;\">\n<p>Datele dvs. personale pot fi \u00eemp\u0103rt\u0103\u0219ite, \u00een scopurile enumerate \u00een Art 6 lit. c) din Regulament unor persoane \/ entit\u0103\u021bi diferite (denumite \u00een continuare, colectiv, &#8222;Destinatari&#8221;):<\/p>\n<ul>\n<li>Persoane, societ\u0103\u021bi sau firme profesionale care ofer\u0103 pentru DENTOSANMED sfaturi \u0219i consultan\u021b\u0103 \u00een materie de contabilitate, aspecte administrative, juridice, fiscale, financiare \u0219i de colectare a datoriilor legate de furnizarea Serviciilor;<\/li>\n<li>Entit\u0103\u021bi angajate \u00een scopul furniz\u0103rii de servicii (de exemplu, furnizori de servicii de g\u0103zduire sau furnizori de platforme de e-mail); \u0219i<\/li>\n<li>Persoane autorizate s\u0103 efectueze \u00eentre\u021binerea tehnic\u0103 (inclusiv \u00eentre\u021binerea echipamentelor de re\u021bea \u0219i a re\u021belelor de comunica\u021bii electronice).<\/li>\n<li>Entit\u0103\u021bile publice, organismele sau autorit\u0103\u021bile c\u0103rora datele dumneavoastr\u0103 personale le pot fi divulgate, \u00een conformitate cu legisla\u021bia aplicabil\u0103 sau cu ordinele obligatorii ale acelor entit\u0103\u021bi, organisme sau autorit\u0103\u021bi.<\/li>\n<\/ul>\n<p><strong style=\"font-size: 21px;\">8. Re\u021binerea datelor cu caracter personal<\/strong><\/p>\n<\/div>\n<div style=\"font-size: 16px;\">Datele personale procesate \u00een scopurile stabilite \u00een Sec\u021biunea 3 (a) \u0219i 3 (b) vor fi p\u0103strate pentru perioada considerat\u0103 strict necesar\u0103 pentru \u00eendeplinirea acestor scopuri &#8211; \u00een orice caz, dat fiind c\u0103 aceste date cu caracter personal sunt procesate pentru furnizarea Servicii, Dentosanmed le va p\u0103stra at\u00e2ta timp c\u00e2t dureaz\u0103 statutul de limitare a r\u0103spunderii legate de furnizarea Serviciilor (a\u0219a cum este stabilit de legea aplicabil\u0103), pentru a-\u0219i proteja interesele.<br \/>\nPentru mai multe informa\u021bii privind perioadele de p\u0103strare a datelor personale ale Dentosanmed \u0219i criteriile adoptate pentru stabilirea acestor perioade, v\u0103 rug\u0103m s\u0103 contacta\u021bi:\u00a0<span id=\"cloake8debe3179fe645519d48429757a91be\"><a href=\"mailto:info@dentosanmed.ro\">info@dentosanmed.ro<\/a><\/span><\/div>\n<div><\/div>\n<h3><strong>9. Drepturile persoanelor vizate<\/strong><\/h3>\n<div style=\"font-size: 16px;\">\n<p>Sub rezerva anumitor condi\u021bii legale, ave\u021bi urm\u0103toarele drepturi \u00een leg\u0103tur\u0103 cu prelucrarea datelor dumneavoastr\u0103 cu caracter personal:<\/p>\n<ul>\n<li>Dreptul de a solicita o copie a datelor cu caracter personal referitoare la dumneavoastr\u0103 pe care le de\u021binem;<\/li>\n<li>Dreptul la rectificarea oric\u0103ror date cu caracter personal incorecte sau incomplete;<\/li>\n<li>Dreptul la opozi\u021bie sau la restric\u021bionarea utiliz\u0103rii de c\u0103tre noi a datelor dumneavoastr\u0103 cu caracter personal;<\/li>\n<li>Dreptul de a v\u0103 retrage consim\u021b\u0103m\u00e2ntul pentru prelucrarea datelor prelucrate pe baz\u0103 de consim\u021b\u0103m\u00e2nt;<\/li>\n<li>Dreptul la \u0219tergerea datelor dumneavoastr\u0103 cu caracter personal, \u00een situa\u021biile \u00een care v a\u021bi retras consim\u021b\u0103m\u00e2ntul \u0219i prelucrarea nu mai este necesar\u0103 sau prelucrarea respectiv\u0103 este contrar\u0103 legii;<\/li>\n<li>Dreptul la portabilitatea datelor ce v\u0103 permite s\u0103 primi\u021bi o copie a datelor prelucrate pe care le-am primit de la dumneavoastr\u0103 sau s\u0103 le transmitem unei alte entit\u0103\u021bi indicate de dumneavoastr\u0103;<\/li>\n<li>Dreptul de a v\u0103 retrage consim\u021b\u0103m\u00e2ntul pentru prelucr\u0103rile efectuate pe baz\u0103 de consim\u021b\u0103m\u00e2nt. Retragerea consim\u021b\u0103m\u00e2ntului dumneavoastr\u0103 nu va afecta legalitatea prelucr\u0103rii pe baza consim\u021b\u0103m\u00e2ntului de dinaintea retragerii acestuia. \u00cen cazurile \u00een care v\u0103 retrage\u021bi consim\u021b\u0103m\u00e2ntul, Dentosanmed nu va mai prelucra datele dumneavoastr\u0103 cu caracter personal \u0219i va lua m\u0103surile corespunz\u0103toare pentru \u0219tergerea datelor dumneavoastr\u0103 cu caracter personal. Dentosanmed va putea, totu\u0219i, prelucra datele dvs. cu caracter personal dac\u0103 exist\u0103 un alt temei legal pentru respectiva prelucrare.<\/li>\n<li>Dac\u0103 dori\u021bi s\u0103 v\u0103 exercita\u021bi drepturile men\u021bionate mai sus, v\u0103 rug\u0103m s\u0103 ne contacta\u021bi, folosind urm\u0103toarele detalii de contact: E-mail:\u00a0<span id=\"cloaka41645f09031883a1ea8941253f7c4d7\"><a href=\"mailto:info@dentosanmed.ro\">info@dentosanmed.ro<\/a><\/span><\/li>\n<\/ul>\n<p>\u00cen orice caz, v\u0103 rug\u0103m s\u0103 re\u021bine\u021bi c\u0103 \u00een calitate de persoan\u0103 vizat\u0103 ave\u021bi dreptul s\u0103 depune\u021bi o pl\u00e2ngere la Autoritatea Na\u0163ional\u0103 de Supraveghere a Prelucr\u0103rii Datelor cu Caracter Personal (ANSPDCP) \u2013 cu sediul \u00een Bd. Gheorghe Magheru nr. 28-30, Bucure\u0219ti, Rom\u00e2nia \u00een cazul \u00een care considera\u021bi c\u0103 prelucrarea datelor dumneavoastr\u0103 personale efectuat\u0103 prin intermediul acestui site web \u00eencalc\u0103 legea aplicabil\u0103.<\/p>\n<\/div>\n<hr \/>\n<p><strong><br \/>\nActualiz\u0103ri ale acestei politici de prelucrare a datelor cu caracter personal<\/strong><\/p>\n<p>Cea mai recent\u0103 actualizare a acestei Politici de Prelucrare a Datelor cu Caracter Personal a fost realizat\u0103 \u00een luna aprilie 2019. Ne rezerv\u0103m dreptul de a actualiza \u0219i modifica periodic aceast\u0103 Politic\u0103 de Prelucrare a Datelor cu Caracter Personal, pentru a reflecta orice modific\u0103ri ale modului \u00een care prelucr\u0103m datele dumneavoastr\u0103 cu caracter personal sau orice modific\u0103ri ale cerin\u021belor legale. \u00cen cazul oric\u0103rei astfel de modific\u0103ri, vom afi\u0219a pe pagina noastr\u0103 de internet versiunea modificat\u0103 a Politicii de Prelucrare a Datelor cu Caracter Personal \u0219i\/sau o v\u0103 vom pune la dispozi\u021bie \u00een alt mod.<\/p>\n<\/div>\n<\/div><\/div><\/div><\/div><\/div><\/div><\/div><\/div><\/section>","protected":false},"excerpt":{"rendered":"","protected":false},"author":3,"featured_media":0,"parent":0,"menu_order":0,"comment_status":"closed","ping_status":"closed","template":"","meta":[],"_links":{"self":[{"href":"https:\/\/dentosanmed.ro\/en\/wp-json\/wp\/v2\/pages\/1860"}],"collection":[{"href":"https:\/\/dentosanmed.ro\/en\/wp-json\/wp\/v2\/pages"}],"about":[{"href":"https:\/\/dentosanmed.ro\/en\/wp-json\/wp\/v2\/types\/page"}],"author":[{"embeddable":true,"href":"https:\/\/dentosanmed.ro\/en\/wp-json\/wp\/v2\/users\/3"}],"replies":[{"embeddable":true,"href":"https:\/\/dentosanmed.ro\/en\/wp-json\/wp\/v2\/comments?post=1860"}],"version-history":[{"count":11,"href":"https:\/\/dentosanmed.ro\/en\/wp-json\/wp\/v2\/pages\/1860\/revisions"}],"predecessor-version":[{"id":1873,"href":"https:\/\/dentosanmed.ro\/en\/wp-json\/wp\/v2\/pages\/1860\/revisions\/1873"}],"wp:attachment":[{"href":"https:\/\/dentosanmed.ro\/en\/wp-json\/wp\/v2\/media?parent=1860"}],"curies":[{"name":"wp","href":"https:\/\/api.w.org\/{rel}","templated":true}]}}