{"id":2215,"date":"2021-07-12T08:23:02","date_gmt":"2021-07-12T08:23:02","guid":{"rendered":"https:\/\/dentosanmed.ro\/?page_id=2215"},"modified":"2021-08-28T11:04:20","modified_gmt":"2021-08-28T11:04:20","slug":"dr-madalina-benea","status":"publish","type":"page","link":"https:\/\/dentosanmed.ro\/en\/informatii-clinica-dentara-dentosan-med-cluj\/dr-madalina-benea\/","title":{"rendered":"dr. M\u0103d\u0103lina Benea"},"content":{"rendered":"<section id=\"bt_section69f6017c6f594\"  class=\"boldSection btDivider topSemiSpaced bottomSemiSpaced btDarkSkin gutter inherit wBackground cover\" style=\"background-color:#0cb8b6;background-image:url('https:\/\/dentosanmed.ro\/wp-content\/uploads\/2015\/12\/bgn-grad.png');\"><div class=\"port\"><div class=\"boldCell\"><div class=\"boldCellInner\"><div class=\"boldRow\" ><div class=\"boldRowInner\"><div class=\"rowItem col-md-4 col-ms-12 btTextRight inherit btNoPadding\"  ><div class=\"rowItemContent\" ><\/div><\/div><div class=\"rowItem col-md-8 col-ms-12 btTextLeft animate animate-fadein animate-moveleft inherit btDoublePadding\"  ><div class=\"rowItemContent\" ><div class=\"btClear btSeparator topExtraSmallSpaced noBorder\" ><hr><\/div><div class=\"btClear btSeparator topExtraSmallSpaced noBorder\" ><hr><\/div><header class=\"header btClear large  btNormalDash\" ><div class=\"btSuperTitle\">endodontics specialist<\/div><div class=\"dash\"><h2><span class=\"headline\">dr. M\u0103d\u0103lina Benea<\/span><\/h2><\/div><\/header><\/div><\/div><\/div><\/div><\/div><\/div><\/div><\/section><section id=\"bt_section69f6017c6f7c3\"  class=\"boldSection topSemiSpaced bottomSpaced gutter inherit\" style=\"background-color:#f1f1f1;\"><div class=\"port\"><div class=\"boldCell\"><div class=\"boldCellInner\"><div class=\"boldRow\" ><div class=\"boldRowInner\"><div class=\"rowItem col-md-4 col-ms-12 btTextLeft animate animate-fadein animate-moveup btTextIndent inherit\" style=\"margin-top: -180px;\" ><div class=\"rowItemContent\" style = \"background-color:#ffffff;\"><div class=\"bpgPhoto btTextCenter\" ><div class=\"btImage\"><img src=\"https:\/\/dentosanmed.ro\/wp-content\/uploads\/2021\/07\/madalina-benea.jpg\" alt=\"dr Madalina Benea @ clinica stomatologica Dentosan Med Cluj\" title=\"dr Madalina Benea @ Dentosan Med Cluj dental clinic\"><\/div><\/div><div class=\"btIconImageRow btIconsHalfHoverPosition\" ><span class=\"btIco btIcoFilledType btIcoMediumSize btIcoAccentColor  btIcoOutline\" ><a href=\"#\"  target = \"no_target\" data-ico-cs=\"&#xe99c;\" class=\"btIcoHolder\"><em><\/em><\/a><\/span><\/div><div class=\"btClear btSeparator topExtraSmallSpaced noBorder\" ><hr><\/div><header class=\"header btClear medium  btNormalDash\" ><div class=\"dash\"><h3><span class=\"headline\">CONTACT INFO<\/span><\/h3><\/div><\/header><div class=\"btClear btSeparator topExtraSmallSpaced noBorder\" ><hr><\/div><div class=\"btIconImageRow btIconsNormalPosition\" ><span class=\"btIco btIcoDefaultType btIcoSmallSize btIcoDefaultColor\" ><a href=\"tel: 40733974497\"  target = \"no_target\" data-ico-fa=\"&#xf095;\" class=\"btIcoHolder\"><em><\/em><span class=\"btIcoText\">0733 974 497<\/span><\/a><\/span><span class=\"btIco btIcoDefaultType btIcoSmallSize btIcoDefaultColor\" ><a href=\"tel: 40264447906\"  target = \"no_target\" data-ico-fa=\"&#xf095;\" class=\"btIcoHolder\"><em><\/em><span class=\"btIcoText\">0264 447 906<\/span><\/a><\/span><\/div><div class=\"btClear btSeparator topExtraSmallSpaced noBorder\" ><hr><\/div><div class=\"btIconImageRow btIconsNormalPosition\" ><span class=\"btIco btIcoDefaultType btIcoSmallSize btIcoDefaultColor\" ><a href=\"mailto:info@dentosanmed.ro\"  target = \"no_target\" data-ico-fa=\"&#xf003;\" class=\"btIcoHolder\"><em><\/em><span class=\"btIcoText\">info@dentosanmed.ro<\/span><\/a><\/span><\/div><div class=\"btClear btSeparator topSemiSpaced noBorder\" ><hr><\/div><\/div><\/div><div class=\"rowItem col-md-8 col-ms-12 btTextLeft animate animate-fadein inherit btDoublePadding\"  ><div class=\"rowItemContent\" ><div class=\"btClear btSeparator bottomSmallSpaced border\" ><hr><\/div><header class=\"header btClear large  btNormalDash\" ><\/header><div class=\"btClear btSeparator bottomSmallSpaced border\" ><hr><\/div><div class=\"boldRow boldInnerRow\" ><div class=\"rowItem rowInnerItem col-md-12  btTextLeft\"  ><div class=\"rowItemContent\"><div class=\"btText\" ><p>Happiness is experienced through smiles. Your smile is important to me.<\/p>\n<\/div><\/div><\/div><\/div><div class=\"btClear btSeparator topSmallSpaced bottomSmallSpaced border\" ><hr><\/div><\/div><\/div><\/div><\/div><\/div><\/div><\/div><\/section><section id=\"bt_section69f6017c706e4\"  class=\"boldSection btDivider topSpaced bottomSpaced gutter inherit\" ><div class=\"port\"><div class=\"boldCell\"><div class=\"boldCellInner\"><div class=\"boldRow\" ><div class=\"boldRowInner\"><div class=\"rowItem col-md-4 col-ms-12 btTextLeft btTopVertical\"  ><div class=\"rowItemContent\" ><header class=\"header btClear large btDash topDash  btAccentDash\" ><div class=\"btSuperTitle\">more info. about the doctor<\/div><div class=\"dash\"><h2><span class=\"headline\">OFFICIAL CV<\/span><\/h2><\/div><\/header><\/div><\/div><div class=\"rowItem col-md-8 col-ms-12 btTextLeft animate animate-fadein animate-moveright btTopVertical btDoublePadding\"  ><div class=\"rowItemContent\" ><div class=\"btTabs tabsHorizontal\" \"><ul class=\"tabsHeader\"><li><span>training &amp; studies<\/span><\/li><li><span>conferences &amp; specialisations<\/span><\/li><\/ul><div class=\"tabPanes tabPanesTabs\"><div class=\"tabPane\">\r\n\t\t\t<div class=\"tabAccordionContent\"><ul>\n<li>Specialist Certificate in Endodontics, University of Medicine and Pharmacy Targu Mures - Faculty of Dental Medicine<\/li>\n<li>Bachelor's Degree in Dental Medicine University of Medicine and Pharmacy Targu Mures<\/li>\n<li>Faculty of Dental Medicine, T\u00e2rgu-Mure\u0219 (Romania) - class of 2013<\/li>\n<li>Baccalaureate Diploma, Specialization Mathematics-Computer Science Petru Maior School Group, Reghin (Romania) class of 2007.<\/li>\n<\/ul>\n<\/div>\r\n\t\t<\/div><div class=\"tabPane\">\r\n\t\t\t<div class=\"tabAccordionContent\"><ul>\n<li>Participation in the International Scientific Congress MARISIENSIS T\u00e2rgu-Mure\u0219<\/li>\n<li>Certificat de participare la Congresul de Medicin\u0103 Dentar\u0103 DENTES 2015 cu tema: &#8222;Rolul echipei<br \/>\ninterdisciplinary in 21st century dentistry<\/li>\n<li>Curs SybronEndo &#8211; Tehnodent Poka Targu Mures &#8211; &#8222;Noi tendin\u021be \u00een prepararea \u0219i obturarea canalelor<br \/>\n.<\/li>\n<li>Certificat de participare la Congresul de Medicin\u0103 Dentar\u0103 DENTES 2016 cu tema: &#8222;Medicina dentar\u0103<br \/>\n- between prophylaxis and complex oral rehabilitation<\/li>\n<li>Curs Kerr Endodontics &#8211; Tehnodent Poka Targu Mures &#8211; &#8222;Protocoale simple pentru tehnici moderne<br \/>\npreparation, irrigation and obturation in endodontics<\/li>\n<li>Certificat de participare la a VI-a edi\u021bie a Congresului &#8222;Zilele Stomatologiei Mure\u0219ene&#8221; cu tema:<br \/>\n&#8222;Tendin\u021be interdisciplinare \u0219i practici inovative \u00een stomatologie&#8221;<\/li>\n<li>Diplom\u0103 de participare la Congresul &#8222;ENDO UPDATE&#8221; &#8211; MB Dental &#8211; Cluj-Napoca<\/li>\n<li>Diplom\u0103 de participare la cursul &#8222;\u0218coala de endodon\u021bie clinic\u0103: Vezi! Inve\u021bi! Aplici!&#8221; &#8211; Medident, Dr.<br \/>\nCamil Iane\u0219 &#8211; Cluj-Napoca<\/li>\n<li>Certificate of participation in the 9th edition of the Congress of Dental Medicine Transylvania, with the theme:<br \/>\n&#8222;Optimizarea ofertei de servicii stomatologice&#8221; &#8211; Cluj-Napoca<\/li>\n<li>Certificat de participare la Simpozionul Interna\u021bional : &#8222;S\u0103n\u0103tatea prin educa\u021bie, preven\u021bie \u0219i<br \/>\ntreatment\" - Cluj-Napoca<\/li>\n<li>Diploma of participation in the XXIV edition of the Congress of Dental Medicine with participation<br \/>\ninterna\u021bional\u0103 &#8222;Zilele Stomatologiei B\u0103n\u0103\u021bene&#8221; &#8211; Timi\u0219oara<\/li>\n<li>Diplom\u0103 de participare la cursul teoretic \u0219i practic &#8222;Modalit\u0103\u021bi tehnice de instrumentare a canalelor<br \/>\nroot canal with EdgeEndo and Reciprocant systems\" - Megagen, Dr. Radu Brata - Cluj-Napoca<\/li>\n<li>Certificate of participation in the 10th edition of the Congress of Dental Medicine Transylvania, with the theme:<br \/>\n&#8222;Excelen\u021ba \u00een Practica Dentar\u0103&#8221; &#8211; Cluj-Napoca<\/li>\n<li>Diplom\u0103 de participare la Edi\u021bia a VI-a a Congresului &#8222;ENDO UPDATE&#8221; &#8211; MB Dental &#8211; Cluj-Napoca<\/li>\n<li>Diplom\u0103 de participare la cursul teoretic \u0219i practic &#8222;Endodon\u021bie aplicat\u0103 : de la simplu la complex&#8221; &#8211;<br \/>\nNastimed, dr. Adriana Dinc\u0103 &#8211; Cluj-Napoca<\/li>\n<li>Participare ConectDentistry Summit Ro4<\/li>\n<li>Diploma of participation in the 11th edition of the Congress of Dental Medicine Transylvania, with the theme:<br \/>\n&#8222;Premisele calit\u0103\u021bii \u00een actul medical stomatologic&#8221; &#8211; Cluj-Napoca<\/li>\n<li>Diploma of participation in the Congress of Dental Medicine organized by AMSPPR Ardeal Nord, with<br \/>\ntema: &#8222;Interferen\u021be multidisciplinare \u00een medicina dentar\u0103<\/li>\n<li>Participation in EndoBrata Education course on Diagnosis and case selection in endodontics<\/li>\n<li>Participation in EndoBrata Education course on Definition and management of endodontic failure<\/li>\n<li>Participation in EndoBrata Education course on Instrument removal and retreatment<br \/>\nfractures in endodontic failure management<\/li>\n<li>Participare curs EndoBrata Education cu tema : &#8222;Retratamentul endodontic \u0219i \u00eendepartarea<br \/>\nof dental pivots.<\/li>\n<li>Curs Dentsply &#8222;Obtura\u021bii frontale estetice \u00een 5 pa\u0219i&#8221; &#8211; DENTEX, Dr. Marius Bud- Cluj-Napoca.<\/li>\n<\/ul>\n<\/div>\r\n\t\t<\/div><\/div><\/div><\/div><\/div><\/div><\/div><\/div><\/div><\/div><\/section>","protected":false},"excerpt":{"rendered":"","protected":false},"author":3,"featured_media":0,"parent":1339,"menu_order":0,"comment_status":"closed","ping_status":"closed","template":"","meta":[],"_links":{"self":[{"href":"https:\/\/dentosanmed.ro\/en\/wp-json\/wp\/v2\/pages\/2215"}],"collection":[{"href":"https:\/\/dentosanmed.ro\/en\/wp-json\/wp\/v2\/pages"}],"about":[{"href":"https:\/\/dentosanmed.ro\/en\/wp-json\/wp\/v2\/types\/page"}],"author":[{"embeddable":true,"href":"https:\/\/dentosanmed.ro\/en\/wp-json\/wp\/v2\/users\/3"}],"replies":[{"embeddable":true,"href":"https:\/\/dentosanmed.ro\/en\/wp-json\/wp\/v2\/comments?post=2215"}],"version-history":[{"count":9,"href":"https:\/\/dentosanmed.ro\/en\/wp-json\/wp\/v2\/pages\/2215\/revisions"}],"predecessor-version":[{"id":2450,"href":"https:\/\/dentosanmed.ro\/en\/wp-json\/wp\/v2\/pages\/2215\/revisions\/2450"}],"up":[{"embeddable":true,"href":"https:\/\/dentosanmed.ro\/en\/wp-json\/wp\/v2\/pages\/1339"}],"wp:attachment":[{"href":"https:\/\/dentosanmed.ro\/en\/wp-json\/wp\/v2\/media?parent=2215"}],"curies":[{"name":"wp","href":"https:\/\/api.w.org\/{rel}","templated":true}]}}