{"id":2467,"date":"2021-09-02T10:05:49","date_gmt":"2021-09-02T10:05:49","guid":{"rendered":"https:\/\/dentosanmed.ro\/?page_id=2467"},"modified":"2022-03-24T14:24:42","modified_gmt":"2022-03-24T14:24:42","slug":"regulament-tombola-concurs","status":"publish","type":"page","link":"https:\/\/dentosanmed.ro\/en\/regulament-tombola-concurs\/","title":{"rendered":"Regulament tombol\u0103 \/ concurs"},"content":{"rendered":"<section id=\"bt_section69fe6a4b21e22\"  class=\"boldSection btDivider topSemiSpaced bottomSemiSpaced btDarkSkin gutter inherit wBackground cover\" style=\"background-color:#0cb8b6;background-image:url('https:\/\/dentosanmed.ro\/wp-content\/uploads\/2015\/12\/bgn-grad.png');\"><div class=\"port\"><div class=\"boldCell\"><div class=\"boldCellInner\"><div class=\"boldRow\" ><div class=\"boldRowInner\"><div class=\"rowItem col-md-12 col-ms-12  btTextLeft animate animate-fadein animate-moveleft inherit\"  ><div class=\"rowItemContent\" ><div class=\"btClear btSeparator topExtraSmallSpaced noBorder\" ><hr><\/div><div class=\"btClear btSeparator topExtraSmallSpaced noBorder\" ><hr><\/div><header class=\"header btClear large  btNormalDash\" ><div class=\"btSuperTitle\">gestionarea datelor personale, conform GDPR \/ EU<\/div><div class=\"dash\"><h2><span class=\"headline\">POLITIC\u0102 DE CONFIDEN\u021aIALITATE \u0218I COOKIES<\/span><\/h2><\/div><\/header><\/div><\/div><\/div><\/div><\/div><\/div><\/div><\/section><section id=\"bt_section69fe6a4b22035\"  class=\"boldSection topSpaced bottomSpaced gutter inherit\" ><div class=\"port\"><div class=\"boldCell\"><div class=\"boldCellInner\"><div class=\"boldRow\" ><div class=\"boldRowInner\"><div class=\"rowItem col-md-12 col-ms-12  btTextLeft\"  ><div class=\"rowItemContent\" ><header class=\"header btClear large  btNormalDash\" ><div class=\"dash\"><h2><span class=\"headline\">Regulament tombola &#8222;The site has been born!&#8222; <\/span><\/h2><\/div><\/header><div class=\"btText\" ><p>Campania Tombola The site has been born! (denumita in cele ce urmeaza \u201e<strong>Campania<\/strong>\u201d) este organizata de Balog Center SRL cu sediul in Cluj-Napoca si punct de lucru in Cluj-Napoca, str. Fabricii nr. 2, scara 4, ap. 99-100, inregistrata la Registrul Comertului avand CUI 28533267, cont IBAN RO17 BTRL 0130 1202 8963 60XX deschis la Banca Transilvania, reprezentata legal de Balog Anton in calitate de administrator, numit in continuare \u201cOrganizator\u201d.<\/p>\n<p>Prin simpla participare la Campania promotionala, Participantii declara ca vor respecta termenii si conditiile prezentului Regulament Oficial de organizare si desfasurare al acestei Campanii (denumit in continuare \u201c<strong>Regulamentul Oficial<\/strong>\u201d).<\/p>\n<p>Pentru aducerea la cunostinta publicului, Regulamentul Oficial este intocmit si este disponibil in mod gratuit oricarei persoane interesate, pe pagina web oficiala (<a href=\"https:\/\/dentosanmed.ro\/en\/\">www.dentosanmed.ro<\/a>) , pe intreaga perioada de desfasurare a Campaniei.\u00a0Organizatorul isi rezerva dreptul de a modifica sau schimba Regulamentul, urmand ca aceste modificari sa intre in vigoare dupa o zi de la anuntarea participantilor in acest sens pe pagina oficiala de Facebook.<\/p>\n<h3>Durata Campaniei<\/h3>\n<p><strong>II.1 Campania va incepe in data de 2 septembrie 2021 si se va finaliza in data 24 octombrie 2021 ora 23:59.<\/strong><\/p>\n<p><strong>III. Drept de participare<\/strong><\/p>\n<p>Au drept de participare persoane fizice in varsta de peste 18 ani la data inceperii concursului, care au domiciliul \/ resedinta in Romania si s-au inscris in campanie prin formularul de contact de pe website. Pentru a participa la Campanie, participantii trebuie sa intruneasca, in mod cumulativ, urmatoarele conditii exprese:<\/p>\n<ol>\n<li>Raspunsul corect la cerinta \u201cNumiti un tratament stomatologic pe care il poti urma in clinica Dentosan Med.\u201d. Raspunsul va fi completat in formularul de contact disponibil pe www.dentosanmed.ro;<\/li>\n<li>Like (Apreciere) pagina oficiala de Facebook Dentosan Med (<a href=\"https:\/\/www.facebook.com\/dentosanmed.ro\">https:\/\/www.facebook.com\/dentosanmed.ro<\/a>);<\/li>\n<li>Share (Distribuire) postarea de Facebook dedicata tombolei &#8211; Conditie valabila numai pentru inscriere pentru marele premiu.<\/li>\n<\/ol>\n<p>Nu pot participa la aceasta campanie:<\/p>\n<p>\u2013 angajatii Balog Center SRL,\u00a0 si persoanele fizice autorizate sau independente care isi desfasoara activitatea pe baza unor contracte de colaborare cu societatea anterior mentionat\u0103, sotiile\/sotii precum si rudele de gradul I ale acestora;<\/p>\n<h3><strong>Descrierea Premiilor Acordate<\/strong><\/h3>\n<p>IV.1 In cadrul prezentei campanii vor fi acordate urmatoarele premii pentru patru castigatori :<\/p>\n<ol>\n<li>Marele premiu &#8211; Tratamente stomatologice in cadrul clinicii Dentosan Med in valoare de 1500 RON;<\/li>\n<li>Premiul I &#8211; O periuta electrica Oral-B Triumph 5000;<\/li>\n<li>Premiul II &#8211; O periuta electrica Oral-B Gumcare 3;<\/li>\n<li>Premiul III &#8211; Un dus bucal Phillips Sonicare Airfloss Ultra.<\/li>\n<\/ol>\n<p>Valoare totala a premiilor: 2786,83 RON.<\/p>\n<p>Participantii desemnati castigatori nu au posibilitatea de a primi contravaloarea in bani sau alte obiecte in schimbul premiilor castigate si nici nu pot solicita modificarea parametrilor premiilor.<\/p>\n<p>Premiile revin numai participantilor desemnati castigatori si nu pot fi transmise unor terte persoane.<\/p>\n<p>IV.2. Organizatorii isi rezerva dreptul de a descalifica participantii care incearca sa fraudeze sub orice forma concursul. Organizatorii \u00ee\u015fi rezerv\u0103 dreptul de a anula \u00eenscrierea oric\u0103rui Participant care nu respect\u0103 Regulamentul sau care este suspectat de fraud\u0103, f\u0103r\u0103 a avea obliga\u0163ia de a o demonstra cu probe.<\/p>\n<p>IV.3. Un participant se poate inscrie o singura data in Concurs si poate castiga un singur premiu din cele oferite prin tragerile la sorti. Participantii isi asuma responsabilitatea integrala pentru informatiile inscrise in concurs. Organizatorii nu pot fi facuti responsabili de catre terte persoane cu privire la raspunsurile oferite, situatie in care responsabilitatea revine strict participantului.<\/p>\n<h3><strong>Taxe si impozite<\/strong><\/h3>\n<p>Organizatorii se oblig\u0103 s\u0103 calculeze, s\u0103 declare \u015fi s\u0103 vireze la bugetul de stat impozitul datorat pentru premiile acordate \u00een conformitate cu prevederile Legii nr. 227\/2015 privind Codul Fiscal. Orice alte obliga\u0163ii de natur\u0103 fiscal\u0103 sau de alt\u0103 natur\u0103, \u00een legatur\u0103 cu premiile acordate revin \u00een exclusivitate Participan\u0163ilor valida\u0163i ca \u015fi c\u00e2\u015ftig\u0103tori.<\/p>\n<p><strong>VII. Modalitatea de desfasurare<\/strong><\/p>\n<p>VII.1 Pentru a participa la aceasta campanie, utilizatorii trebuie sa detina o adresa valida de e-mail si un cont de utilizator pe site-ul facebook.com, sa acceseze pagina de Facebook Dentosan Med si sa respecte cerintele din cadrul postarii despre campanie.<\/p>\n<h3><strong>Postarea despre campanie<\/strong><\/h3>\n<p>C\u00e2\u0219tig\u0103 1500 RON la Tombola The site has been born!! ?<\/p>\n<p>\u00censcrie-te \u00een concurs \u0219i ai \u0219ansa s\u0103 c\u00e2\u0219tigi:<\/p>\n<p>? Marele Premiu &#8211; 1500 RON pentru tratamente stomatologice \u00een clinica Dentosan Med<\/p>\n<p>? Premiul 1 &#8211; O periu\u021b\u0103 electric\u0103 Oral-B Triumph 5000<\/p>\n<p>? Premiul 2 &#8211; O periu\u021b\u0103 electric\u0103 Oral-B Gumcare 3<\/p>\n<p>? Premiul 3 &#8211; Un du\u0219 bucal Phillips Sonicare Airfloss Ultra<\/p>\n<p><strong>Ce trebuie s\u0103 faci pentru a te \u00eenscrie?<\/strong><\/p>\n<p>?? 1. Intr\u0103 pe site-ul nostru www.dentosanmed.ro \u0219i scrie-ne, \u00een formularul de pe pagina de Contact, un tratament stomatologic pe care \u00eel po\u021bi urma \u00een clinica Dentosan Med. Indiciu: r\u0103spunsul \u00eel g\u0103se\u0219ti pe site ? Te rug\u0103m s\u0103 precizezi &#8222;\u00censcriere tombol\u0103&#8221; (diacriticele nu sunt obligatorii)<\/p>\n<p>?? 2. Like paginii de Facebook Dentosan Med<\/p>\n<p>?? 3. Share (distribuire) a acestei post\u0103ri &#8211; Aten\u021bie! Aceast\u0103 condi\u021bie este obligatorie numai pentru a c\u00e2\u0219tiga marele premiu.<\/p>\n<p>Pentru a c\u00e2\u0219tiga premiile 1, 2 \u0219i 3 obligatorii sunt numai primele 2 condi\u021bii.<\/p>\n<p>\u00censcrierile se fac p\u00e2n\u0103 \u00een 24 octombrie, ora 23:59, iar c\u00e2\u0219tig\u0103torii vor fi extra\u0219i \u00een data de 25 octombrie \u0219i anun\u021ba\u021bi prin mesaj privat \u0219i prin comentariu la aceast\u0103 postare.<\/p>\n<p>Se accept\u0103 o singur\u0103 \u00eenscriere de persoan\u0103 \u00een aceast\u0103 campanie.<\/p>\n<p>Premiile se trimit numai pe teritoriul Rom\u00e2niei sau se revendic\u0103 de la loca\u021bia clinicii.<\/p>\n<p>Acest concurs nu este organizat \u00een baza unui parteneriat.<\/p>\n<p>Regulamentul complet <a href=\"https:\/\/dentosanmed.ro\/en\/regulament-tombola-concurs\/\">AICI<\/a><\/p>\n<p>VII.2 Tragerea la sorti se organizeaza cu ajutorul site-ului www.random.org si va avea loc la data de 25 octombrie 2021.\u00a0 Vor fi valida\u021bi pentru tragerea la sor\u021bi doar participan\u021bii care \u00eendeplinesc condi\u021biile de la Sec\u021biunea III si Sectiunea VII.1.<\/p>\n<p>VII.3 Tragerea la sor\u021bi va avea loc \u00een data de 25 octombrie 2021 prin intermediul site-ului www.random.org<\/p>\n<p>VII.4 Numele c\u00e2\u0219tig\u0103torilor vor fi publicate pe pagina de Facebook Dentosan Med pe data de 25 octombrie 2021, intr-un comentariu la postarea concursului.<\/p>\n<p>VII.5 In cazul in care un castigator nu poate fi contactat in termen de 5 zile lucratoare de la extragere, se va apela la rezerve, in ordinea extragerii, situatie in care castigatorul initial isi va pierde orice drept asupra premiului. In cazul in care niciun castigator nu va putea fi contactat de Organizatori in termenul mentionat, premiile vor ramane in posesia Organizatorilor.<\/p>\n<p>VII.6 O persoana se poate inscrie o singura data in aceasta campanie. Nu se accepta inscrierile multiple de catre aceeasi persoana.<\/p>\n<p>VIII. Acordarea premiilor<\/p>\n<p>VIII.1 Organizatorii se obliga sa faca publice pe pagina de Facebook \u00a0numele castigatorilor si castigurile acordate, dupa validarea lor.<\/p>\n<p>VIII.2 Castigatorii vor fi anuntati si prin intermediul unui mesaj privat<\/p>\n<p>VIII.3 In mesajul privat, castigatorii vor fi rugati sa ofere datele necesare pentru livrarea premiului: nume, prenume, adresa completa si numar de telefon.<\/p>\n<p>VIII.3.1 Premiile concursului vor fi livrate castigatorilor, numai pe teritoriul Romaniei, in termen de maxim 60 de zile de la validarea castigatorilor.<\/p>\n<p>VIII.4 In cazul in care castigatorul nu este validat, refuza sa accepte premiul, nu il accepta in conditiile prezentului regulament sau nu poate fi contactat in termen de 5 zile lucratoare de la extragere, se va apela la rezerve, in ordinea extragerii, situatie in care castigatorul initial isi va pierde orice drept asupra premiului. In cazul in care niciun castigator nu va putea fi contactat de Organizatori in termenul mentionat, premiile vor ramane in posesia Organizatorilor.<\/p>\n<p>VIII.5 Nu se va acorda contravaloarea premiilor in bani, iar acestea nu vor putea fi inlocuite cu alte produse, bilete, vouchere sau servicii.<\/p>\n<p>VIII.6 Organizatorii isi rezerva dreptul de a face publice, in scopuri publicitare, numele, fotografia si materialele filmate cu participantii, in cazul in care acestea vor exista, si castigatorul acestei campanii. Prelucrarea, utilizarea si publicarea informatiilor de mai sus precum si a imaginii participantilor la aceasta campanie publicitara nu va fi de natura a crea niciun fel de obligatii, inclusiv de natura financiara.<\/p>\n<h3><strong>Dispozitii finale<\/strong><\/h3>\n<p>IX.1 Organizatorii campaniei nu sunt raspunzatori de plata taxelor sau a altor obligatii financiare legate de premiile oferite decat in limitele prevazute la pct.V al prezentului Regulament.<\/p>\n<p>IX.2 Prin inscrierea in campania Tombola The site has been born! participan\u0163ii sunt de acord cu prevederile prezentului regulament.<\/p>\n<p>IX.3 In cazul in care, in urma unor verificari ulterioare, se constata ca una sau mai multe dintre regulile de participare nu au fost respectate, Organizatorii isi rezerva dreptul de a retrage premiul acordat.<\/p>\n<p>IX.4 In cazul in care organizarea campaniei este impiedicata de evenimente de forta majora, Organizatorii isi rezerva dreptul de a decide, dupa caz, incheierea, prelungirea sau amanarea campaniei publicitare.<\/p>\n<p>IX.5 Organizatorii isi rezerva dreptul sa modifice prezentul regulament prin act aditional de cate ori este necesar, cu informarea corespunzatoare a celor interesati si\/sau a publicarii actului aditional pe site-ul www.dentosanmed.ro<\/p>\n<p>IX.6 Organizatorii vor acorda premiile persoanelor validate in conformitate cu prevederile prezentului Regulament Oficial.<\/p>\n<\/div><\/div><\/div><\/div><\/div><\/div><\/div><\/div><\/section>","protected":false},"excerpt":{"rendered":"","protected":false},"author":3,"featured_media":0,"parent":0,"menu_order":0,"comment_status":"closed","ping_status":"closed","template":"","meta":[],"_links":{"self":[{"href":"https:\/\/dentosanmed.ro\/en\/wp-json\/wp\/v2\/pages\/2467"}],"collection":[{"href":"https:\/\/dentosanmed.ro\/en\/wp-json\/wp\/v2\/pages"}],"about":[{"href":"https:\/\/dentosanmed.ro\/en\/wp-json\/wp\/v2\/types\/page"}],"author":[{"embeddable":true,"href":"https:\/\/dentosanmed.ro\/en\/wp-json\/wp\/v2\/users\/3"}],"replies":[{"embeddable":true,"href":"https:\/\/dentosanmed.ro\/en\/wp-json\/wp\/v2\/comments?post=2467"}],"version-history":[{"count":3,"href":"https:\/\/dentosanmed.ro\/en\/wp-json\/wp\/v2\/pages\/2467\/revisions"}],"predecessor-version":[{"id":2470,"href":"https:\/\/dentosanmed.ro\/en\/wp-json\/wp\/v2\/pages\/2467\/revisions\/2470"}],"wp:attachment":[{"href":"https:\/\/dentosanmed.ro\/en\/wp-json\/wp\/v2\/media?parent=2467"}],"curies":[{"name":"wp","href":"https:\/\/api.w.org\/{rel}","templated":true}]}}