{"id":2644,"date":"2024-07-03T08:03:21","date_gmt":"2024-07-03T08:03:21","guid":{"rendered":"https:\/\/dentosanmed.ro\/?page_id=2644"},"modified":"2024-07-03T08:05:30","modified_gmt":"2024-07-03T08:05:30","slug":"dr-sorana-baciu","status":"publish","type":"page","link":"https:\/\/dentosanmed.ro\/en\/informatii-clinica-dentara-dentosan-med-cluj\/dr-sorana-baciu\/","title":{"rendered":"dr. Sorana Baciu"},"content":{"rendered":"<section id=\"bt_section69e5ee2b6c885\"  class=\"boldSection btDivider topSemiSpaced bottomSemiSpaced btDarkSkin gutter inherit wBackground cover\" style=\"background-color:#0cb8b6;background-image:url('https:\/\/dentosanmed.ro\/wp-content\/uploads\/2015\/12\/bgn-grad.png');\"><div class=\"port\"><div class=\"boldCell\"><div class=\"boldCellInner\"><div class=\"boldRow\" ><div class=\"boldRowInner\"><div class=\"rowItem col-md-4 col-ms-12 btTextRight inherit btNoPadding\"  ><div class=\"rowItemContent\" ><\/div><\/div><div class=\"rowItem col-md-8 col-ms-12 btTextLeft animate animate-fadein animate-moveleft inherit btDoublePadding\"  ><div class=\"rowItemContent\" ><div class=\"btClear btSeparator topExtraSmallSpaced noBorder\" ><hr><\/div><div class=\"btClear btSeparator topExtraSmallSpaced noBorder\" ><hr><\/div><header class=\"header btClear large  btNormalDash\" ><div class=\"btSuperTitle\">medic primar stomatologie general\u0103<\/div><div class=\"dash\"><h2><span class=\"headline\">dr. Sorana Baciu<\/span><\/h2><\/div><\/header><\/div><\/div><\/div><\/div><\/div><\/div><\/div><\/section><section id=\"bt_section69e5ee2b6cb22\"  class=\"boldSection topSemiSpaced bottomSpaced gutter inherit\" style=\"background-color:#f1f1f1;\"><div class=\"port\"><div class=\"boldCell\"><div class=\"boldCellInner\"><div class=\"boldRow\" ><div class=\"boldRowInner\"><div class=\"rowItem col-md-4 col-ms-12 btTextLeft animate animate-fadein animate-moveup btTextIndent inherit\" style=\"margin-top: -180px;\" ><div class=\"rowItemContent\" style = \"background-color:#ffffff;\"><div class=\"bpgPhoto btTextCenter\" ><div class=\"btImage\"><img src=\"https:\/\/dentosanmed.ro\/wp-content\/uploads\/2024\/07\/dr-sorana-baciu-1.jpg\" alt=\"dr Sorana Baciu @ clinica dentara Dentosan Med\" title=\"dr Sorana Baciu @ clinica dentara Dentosan Med\"><\/div><\/div><div class=\"btIconImageRow btIconsHalfHoverPosition\" ><span class=\"btIco btIcoFilledType btIcoMediumSize btIcoAccentColor  btIcoOutline\" ><a href=\"#\"  target = \"no_target\" data-ico-cs=\"&#xe99c;\" class=\"btIcoHolder\"><em><\/em><\/a><\/span><\/div><div class=\"btClear btSeparator topExtraSmallSpaced noBorder\" ><hr><\/div><header class=\"header btClear medium  btNormalDash\" ><div class=\"dash\"><h3><span class=\"headline\">CONTACT INFO<\/span><\/h3><\/div><\/header><div class=\"btClear btSeparator topExtraSmallSpaced noBorder\" ><hr><\/div><div class=\"btIconImageRow btIconsNormalPosition\" ><span class=\"btIco btIcoDefaultType btIcoSmallSize btIcoDefaultColor\" ><a href=\"tel: 40733974497\"  target = \"no_target\" data-ico-fa=\"&#xf095;\" class=\"btIcoHolder\"><em><\/em><span class=\"btIcoText\">0733 974 497<\/span><\/a><\/span><span class=\"btIco btIcoDefaultType btIcoSmallSize btIcoDefaultColor\" ><a href=\"tel: 40264447906\"  target = \"no_target\" data-ico-fa=\"&#xf095;\" class=\"btIcoHolder\"><em><\/em><span class=\"btIcoText\">0264 447 906<\/span><\/a><\/span><\/div><div class=\"btClear btSeparator topExtraSmallSpaced noBorder\" ><hr><\/div><div class=\"btIconImageRow btIconsNormalPosition\" ><span class=\"btIco btIcoDefaultType btIcoSmallSize btIcoDefaultColor\" ><a href=\"mailto:info@dentosanmed.ro\"  target = \"no_target\" data-ico-fa=\"&#xf003;\" class=\"btIcoHolder\"><em><\/em><span class=\"btIcoText\">info@dentosanmed.ro<\/span><\/a><\/span><\/div><div class=\"btClear btSeparator topSemiSpaced noBorder\" ><hr><\/div><\/div><\/div><div class=\"rowItem col-md-8 col-ms-12 btTextLeft animate animate-fadein inherit btDoublePadding\"  ><div class=\"rowItemContent\" ><div class=\"btClear btSeparator bottomSmallSpaced border\" ><hr><\/div><header class=\"header btClear large  btNormalDash\" ><\/header><div class=\"btClear btSeparator bottomSmallSpaced border\" ><hr><\/div><div class=\"boldRow boldInnerRow\" ><div class=\"rowItem rowInnerItem col-md-12  btTextLeft\"  ><div class=\"rowItemContent\"><div class=\"btText\" ><p><strong>Domenii de interes protetica dentara:<\/strong><\/p>\n<ul>\n<li>Tehnologii moderne utilizate \u00een protetica dentar\u0103<\/li>\n<li>Utilizarea sistemelor asistate de calculator \u00een diverse etape de manufacturare a reconstruc\u021biilor protetice<\/li>\n<li>\u00cenchiderea marginal\u0103 a lucr\u0103rilor fixe<\/li>\n<li>Adeziunea ceramicii dentare pe substratul metalic.<\/li>\n<\/ul>\n<\/div><\/div><\/div><\/div><div class=\"btClear btSeparator topSmallSpaced bottomSmallSpaced border\" ><hr><\/div><\/div><\/div><\/div><\/div><\/div><\/div><\/div><\/section>","protected":false},"excerpt":{"rendered":"","protected":false},"author":3,"featured_media":0,"parent":1339,"menu_order":0,"comment_status":"closed","ping_status":"closed","template":"","meta":[],"_links":{"self":[{"href":"https:\/\/dentosanmed.ro\/en\/wp-json\/wp\/v2\/pages\/2644"}],"collection":[{"href":"https:\/\/dentosanmed.ro\/en\/wp-json\/wp\/v2\/pages"}],"about":[{"href":"https:\/\/dentosanmed.ro\/en\/wp-json\/wp\/v2\/types\/page"}],"author":[{"embeddable":true,"href":"https:\/\/dentosanmed.ro\/en\/wp-json\/wp\/v2\/users\/3"}],"replies":[{"embeddable":true,"href":"https:\/\/dentosanmed.ro\/en\/wp-json\/wp\/v2\/comments?post=2644"}],"version-history":[{"count":3,"href":"https:\/\/dentosanmed.ro\/en\/wp-json\/wp\/v2\/pages\/2644\/revisions"}],"predecessor-version":[{"id":2648,"href":"https:\/\/dentosanmed.ro\/en\/wp-json\/wp\/v2\/pages\/2644\/revisions\/2648"}],"up":[{"embeddable":true,"href":"https:\/\/dentosanmed.ro\/en\/wp-json\/wp\/v2\/pages\/1339"}],"wp:attachment":[{"href":"https:\/\/dentosanmed.ro\/en\/wp-json\/wp\/v2\/media?parent=2644"}],"curies":[{"name":"wp","href":"https:\/\/api.w.org\/{rel}","templated":true}]}}